{"id":2506,"date":"2024-09-12T09:23:52","date_gmt":"2024-09-12T07:23:52","guid":{"rendered":"https:\/\/webcr\u00e9astud.fr\/?page_id=2506"},"modified":"2024-09-30T10:19:54","modified_gmt":"2024-09-30T08:19:54","slug":"elementor-2506","status":"publish","type":"page","link":"https:\/\/webcr\u00e9astud.fr\/?page_id=2506","title":{"rendered":"Mentions l\u00e9gales"},"content":{"rendered":"<style>.elementor-2506 .elementor-element.elementor-element-3a2847f{--display:flex;--flex-direction:column;--container-widget-width:100%;--container-widget-height:initial;--container-widget-flex-grow:0;--container-widget-align-self:initial;--flex-wrap-mobile:wrap;--margin-top:134px;--margin-bottom:0px;--margin-left:0px;--margin-right:0px;}.elementor-2506 .elementor-element.elementor-element-a058e2d{text-align:center;}.elementor-2506 .elementor-element.elementor-element-a058e2d .elementor-heading-title{font-family:\"League Spartan\", Sans-serif;font-size:70px;font-weight:600;color:#FFFFFF;}.elementor-2506 .elementor-element.elementor-element-48bdbc3{--display:flex;--flex-direction:column;--container-widget-width:100%;--container-widget-height:initial;--container-widget-flex-grow:0;--container-widget-align-self:initial;--flex-wrap-mobile:wrap;}.elementor-2506 .elementor-element.elementor-element-26fc6b8.elementor-element{--flex-grow:0;--flex-shrink:0;}.elementor-2506 .elementor-element.elementor-element-26fc6b8{text-align:start;font-family:\"Roboto\", Sans-serif;font-weight:400;text-transform:none;color:var( --e-global-color-text );}@media(max-width:767px){.elementor-2506 .elementor-element.elementor-element-26fc6b8{width:var( --container-widget-width, 596px );max-width:596px;--container-widget-width:596px;--container-widget-flex-grow:0;}}<\/style>\t\t<div data-elementor-type=\"wp-page\" data-elementor-id=\"2506\" class=\"elementor elementor-2506\" data-elementor-settings=\"{&quot;ha_cmc_init_switcher&quot;:&quot;no&quot;}\" data-elementor-post-type=\"page\">\n\t\t\t\t<div class=\"elementor-element elementor-element-3a2847f e-flex e-con-boxed e-con e-parent\" data-id=\"3a2847f\" data-element_type=\"container\" data-settings=\"{&quot;_ha_eqh_enable&quot;:false}\">\n\t\t\t\t\t<div class=\"e-con-inner\">\n\t\t\t\t<div class=\"elementor-element elementor-element-a058e2d elementor-widget elementor-widget-heading\" data-id=\"a058e2d\" data-element_type=\"widget\" data-widget_type=\"heading.default\">\n\t\t\t\t<div class=\"elementor-widget-container\">\n\t\t\t\t\t<h2 class=\"elementor-heading-title elementor-size-default\">Mentions l\u00e9gales<\/h2>\t\t\t\t<\/div>\n\t\t\t\t<\/div>\n\t\t\t\t\t<\/div>\n\t\t\t\t<\/div>\n\t\t<div class=\"elementor-element elementor-element-48bdbc3 e-flex e-con-boxed e-con e-parent\" data-id=\"48bdbc3\" data-element_type=\"container\" data-settings=\"{&quot;_ha_eqh_enable&quot;:false}\">\n\t\t\t\t\t<div class=\"e-con-inner\">\n\t\t\t\t<div class=\"elementor-element elementor-element-26fc6b8 elementor-widget-mobile__width-initial elementor-widget elementor-widget-text-editor\" data-id=\"26fc6b8\" data-element_type=\"widget\" data-widget_type=\"text-editor.default\">\n\t\t\t\t<div class=\"elementor-widget-container\">\n\t\t\t\t\t\t\t\t\t<h4><strong>D\u00e9finitions<\/strong><\/h4><ul><li><strong>Client<\/strong> : Toute personne physique ou morale, capable au sens des articles 1123 et suivants du Code civil, qui visite le site WebCr\u00e9aStud.<\/li><li><strong>Prestations et Services<\/strong> : WebCr\u00e9aStud met \u00e0 disposition des Clients les services suivants : cr\u00e9ation de site web, refonte de site web, optimisation SEO.<\/li><li><strong>Utilisateur<\/strong> : Internaute se connectant et utilisant le site WebCr\u00e9aStud.<\/li><li><strong>Informations personnelles<\/strong> : Le site ne collecte pas de donn\u00e9es personnelles directement. Les donn\u00e9es de navigation peuvent \u00eatre collect\u00e9es via des cookies \u00e0 des fins d&rsquo;analyse du trafic.<\/li><\/ul><h4><strong>1. Pr\u00e9sentation du site internet<\/strong><\/h4><p>Conform\u00e9ment \u00e0 l&rsquo;article 6 de la loi n\u00b0 2004-575 du 21 juin 2004 pour la confiance dans l&rsquo;\u00e9conomie num\u00e9rique, il est pr\u00e9cis\u00e9 aux utilisateurs du site WebCr\u00e9aStud l&rsquo;identit\u00e9 des diff\u00e9rents intervenants dans le cadre de sa r\u00e9alisation et de son suivi :<\/p><ul><li><strong>Propri\u00e9taire<\/strong> : WebCr\u00e9aStud, 4 avenue Armand Blanc.<\/li><li><strong>Responsable de la publication<\/strong> : Pierre-Ludovic Jambard \u2013 <a rel=\"noopener\">webcreastud.contact@webcreastud.fr<\/a>.<\/li><li><strong>H\u00e9bergeur<\/strong> : Hostinger International Ltd, 61 Lordou Vironos Street, 6023 Larnaca, Chypre.<br \/>T\u00e9l\u00e9phone de l&rsquo;h\u00e9bergeur : +370 645 03378.<\/li><li><strong>D\u00e9l\u00e9gu\u00e9 \u00e0 la protection des donn\u00e9es<\/strong> : WebCr\u00e9aStud ne collecte pas de donn\u00e9es personnelles \u00e0 ce jour. Aucune d\u00e9signation sp\u00e9cifique d\u2019un d\u00e9l\u00e9gu\u00e9 n\u2019est n\u00e9cessaire.<\/li><\/ul><h4><strong>2. Conditions g\u00e9n\u00e9rales d\u2019utilisation du site et des services propos\u00e9s<\/strong><\/h4><p>Le site WebCr\u00e9aStud constitue une \u0153uvre prot\u00e9g\u00e9e par le Code de la Propri\u00e9t\u00e9 Intellectuelle et les R\u00e9glementations Internationales applicables. L&rsquo;utilisateur ne peut en aucun cas r\u00e9utiliser, c\u00e9der ou exploiter pour son propre compte tout ou partie des \u00e9l\u00e9ments du site.<\/p><p>L&rsquo;utilisation du site WebCr\u00e9aStud implique l&rsquo;acceptation pleine et enti\u00e8re des conditions g\u00e9n\u00e9rales d&rsquo;utilisation d\u00e9crites ci-apr\u00e8s. Ces conditions sont susceptibles d\u2019\u00eatre modifi\u00e9es \u00e0 tout moment, les utilisateurs du site sont donc invit\u00e9s \u00e0 les consulter r\u00e9guli\u00e8rement.<\/p><p>Ce site est normalement accessible \u00e0 tout moment aux utilisateurs. Une interruption pour raison de maintenance technique peut toutefois \u00eatre d\u00e9cid\u00e9e par WebCr\u00e9aStud, qui s&rsquo;efforcera alors de communiquer pr\u00e9alablement les dates et heures de l\u2019intervention.<\/p><h4><strong>3. Description des services fournis<\/strong><\/h4><p>Le site WebCr\u00e9aStud a pour objet de fournir une information concernant l\u2019ensemble des activit\u00e9s de l&rsquo;entreprise, \u00e0 savoir : cr\u00e9ation de site web, refonte de site web, et optimisation SEO.<\/p><p>WebCr\u00e9aStud s&rsquo;efforce de fournir sur son site des informations aussi pr\u00e9cises que possible. Toutefois, il ne saurait \u00eatre tenu responsable des omissions, inexactitudes et carences dans la mise \u00e0 jour, qu&rsquo;elles soient de son fait ou du fait des tiers partenaires qui fournissent ces informations.<\/p><p>Toutes les informations indiqu\u00e9es sur le site WebCr\u00e9aStud sont donn\u00e9es \u00e0 titre indicatif, et sont susceptibles d\u2019\u00e9voluer. Les renseignements figurant sur le site ne sont pas exhaustifs et sont donn\u00e9s sous r\u00e9serve de modifications ayant \u00e9t\u00e9 apport\u00e9es depuis leur mise en ligne.<\/p><h4><strong>4. Limitations contractuelles sur les donn\u00e9es techniques<\/strong><\/h4><p>Le site utilise la technologie JavaScript. WebCr\u00e9aStud ne saurait \u00eatre tenu responsable de dommages mat\u00e9riels li\u00e9s \u00e0 l\u2019utilisation du site. L\u2019utilisateur s\u2019engage \u00e0 acc\u00e9der au site avec un mat\u00e9riel r\u00e9cent, ne contenant pas de virus, et avec un navigateur de derni\u00e8re g\u00e9n\u00e9ration mis \u00e0 jour.<\/p><p>Le site WebCr\u00e9aStud est h\u00e9berg\u00e9 chez Hostinger, qui garantit un service accessible 24 heures sur 24, 7 jours sur 7. Toutefois, l\u2019h\u00e9bergeur peut d\u00e9cider d\u2019interrompre le service d\u2019h\u00e9bergement pour des raisons de maintenance ou en cas de trafic anormal.<\/p><h4><strong>5. Propri\u00e9t\u00e9 intellectuelle et contrefa\u00e7ons<\/strong><\/h4><p>WebCr\u00e9aStud est propri\u00e9taire des droits de propri\u00e9t\u00e9 intellectuelle et d\u00e9tient les droits d\u2019usage sur tous les \u00e9l\u00e9ments accessibles sur le site, notamment les textes, images, graphismes, logos, vid\u00e9os, et sons. Toute reproduction, repr\u00e9sentation, modification, publication, adaptation de tout ou partie des \u00e9l\u00e9ments du site, quel que soit le moyen ou le proc\u00e9d\u00e9 utilis\u00e9, est interdite, sauf autorisation \u00e9crite pr\u00e9alable de WebCr\u00e9aStud.<\/p><p>Toute exploitation non autoris\u00e9e du site ou de l\u2019un quelconque des \u00e9l\u00e9ments qu\u2019il contient sera consid\u00e9r\u00e9e comme constitutive d\u2019une contrefa\u00e7on et poursuivie conform\u00e9ment aux dispositions des articles L.335-2 et suivants du Code de Propri\u00e9t\u00e9 Intellectuelle.<\/p><h4><strong>6. Limitations de responsabilit\u00e9<\/strong><\/h4><p>WebCr\u00e9aStud ne pourra \u00eatre tenu responsable des dommages directs ou indirects caus\u00e9s au mat\u00e9riel de l&rsquo;utilisateur lors de l&rsquo;acc\u00e8s au site, r\u00e9sultant soit de l&rsquo;utilisation d&rsquo;un mat\u00e9riel non conforme, soit de l\u2019apparition d&rsquo;un bug ou d&rsquo;une incompatibilit\u00e9.<\/p><p>WebCr\u00e9aStud ne pourra \u00e9galement \u00eatre tenu responsable des dommages indirects (tels qu&rsquo;une perte de march\u00e9 ou perte d&rsquo;une chance) cons\u00e9cutifs \u00e0 l&rsquo;utilisation du site.<\/p><p>Des espaces interactifs sont \u00e0 la disposition des utilisateurs pour poser des questions. WebCr\u00e9aStud se r\u00e9serve le droit de supprimer, sans mise en demeure pr\u00e9alable, tout contenu d\u00e9pos\u00e9 dans cet espace qui contreviendrait \u00e0 la l\u00e9gislation applicable, notamment en mati\u00e8re de protection des donn\u00e9es.<\/p><h4><strong>7. Gestion des donn\u00e9es personnelles<\/strong><\/h4><p>WebCr\u00e9aStud ne collecte pas de donn\u00e9es personnelles directement sur le site. Cependant, les donn\u00e9es de navigation des utilisateurs sont analys\u00e9es via l&rsquo;outil Google Analytics \u00e0 des fins statistiques. Aucune information collect\u00e9e via cet outil ne sera diffus\u00e9e, vendue ou c\u00e9d\u00e9e \u00e0 des tiers.<\/p><p>WebCr\u00e9aStud s\u2019interdit de traiter, h\u00e9berger ou transf\u00e9rer les informations collect\u00e9es sur ses utilisateurs vers un pays situ\u00e9 en dehors de l\u2019Union europ\u00e9enne ou reconnu comme \u00ab non ad\u00e9quat \u00bb par la Commission europ\u00e9enne sans en informer pr\u00e9alablement l\u2019utilisateur. WebCr\u00e9aStud reste toutefois libre du choix de ses sous-traitants techniques et commerciaux, \u00e0 condition qu\u2019ils pr\u00e9sentent les garanties suffisantes au regard des exigences du R\u00e8glement G\u00e9n\u00e9ral sur la Protection des Donn\u00e9es (RGPD : n\u00b0 2016-679).<\/p><p>WebCr\u00e9aStud s\u2019engage \u00e0 prendre toutes les pr\u00e9cautions n\u00e9cessaires afin de pr\u00e9server la s\u00e9curit\u00e9 des informations collect\u00e9es et notamment qu\u2019elles ne soient pas communiqu\u00e9es \u00e0 des personnes non autoris\u00e9es. En cas d&rsquo;incident affectant l&rsquo;int\u00e9grit\u00e9 ou la confidentialit\u00e9 des informations des utilisateurs, WebCr\u00e9aStud s\u2019engage \u00e0 informer l&rsquo;utilisateur dans les meilleurs d\u00e9lais et \u00e0 lui communiquer les mesures correctives prises.<\/p><p>Aucune donn\u00e9e sensible n&rsquo;est collect\u00e9e par WebCr\u00e9aStud.<\/p><p>Les utilisateurs peuvent exercer leurs droits d&rsquo;acc\u00e8s, de rectification ou de suppression de leurs donn\u00e9es personnelles en nous contactant \u00e0 l&rsquo;adresse suivante : <a rel=\"noopener\">webcreastud.contact@webcreastud.fr<\/a>.<\/p><p>Les utilisateurs peuvent consulter la politique de confidentialit\u00e9 de Google pour en savoir plus sur la collecte de donn\u00e9es via cet outil.<\/p><h4><strong>8. Cookies<\/strong><\/h4><p>Le site WebCr\u00e9aStud utilise des cookies pour am\u00e9liorer l&rsquo;exp\u00e9rience de navigation et r\u00e9aliser des statistiques via Google Analytics. Les utilisateurs sont inform\u00e9s de la possibilit\u00e9 de g\u00e9rer et de d\u00e9sactiver les cookies \u00e0 partir des param\u00e8tres de leur navigateur.<\/p><h4><strong>9. Droit applicable et attribution de juridiction<\/strong><\/h4><p>Tout litige en relation avec l\u2019utilisation du site WebCr\u00e9aStud est soumis au droit fran\u00e7ais. Il est fait attribution exclusive de juridiction aux tribunaux comp\u00e9tents.<\/p>\t\t\t\t\t\t\t\t<\/div>\n\t\t\t\t<\/div>\n\t\t\t\t\t<\/div>\n\t\t\t\t<\/div>\n\t\t\t\t<\/div>\n\t\t","protected":false},"excerpt":{"rendered":"<p>Mentions l\u00e9gales D\u00e9finitions Client : Toute personne physique ou morale, capable au sens des articles 1123 et suivants du Code civil, qui visite le site WebCr\u00e9aStud. Prestations et Services : WebCr\u00e9aStud met \u00e0 disposition des Clients les services suivants : cr\u00e9ation de site web, refonte de site web, optimisation SEO. Utilisateur : Internaute se connectant [&hellip;]<\/p>\n","protected":false},"author":1,"featured_media":0,"parent":0,"menu_order":0,"comment_status":"closed","ping_status":"closed","template":"","meta":{"footnotes":""},"class_list":["post-2506","page","type-page","status-publish","hentry"],"featured_image_src":null,"yoast_head":"<!-- This site is optimized with the Yoast SEO plugin v26.8 - https:\/\/yoast.com\/product\/yoast-seo-wordpress\/ -->\n<title>Mentions l\u00e9gales - WebCr\u00e9aStud<\/title>\n<meta name=\"robots\" content=\"index, follow, max-snippet:-1, max-image-preview:large, max-video-preview:-1\" \/>\n<link rel=\"canonical\" href=\"https:\/\/webcr\u00e9astud.fr\/?page_id=2506\" \/>\n<meta property=\"og:locale\" content=\"fr_FR\" \/>\n<meta property=\"og:type\" content=\"article\" \/>\n<meta property=\"og:title\" content=\"Mentions l\u00e9gales - WebCr\u00e9aStud\" \/>\n<meta property=\"og:description\" content=\"Mentions l\u00e9gales D\u00e9finitions Client : Toute personne physique ou morale, capable au sens des articles 1123 et suivants du Code civil, qui visite le site WebCr\u00e9aStud. Prestations et Services : WebCr\u00e9aStud met \u00e0 disposition des Clients les services suivants : cr\u00e9ation de site web, refonte de site web, optimisation SEO. Utilisateur : Internaute se connectant [&hellip;]\" \/>\n<meta property=\"og:url\" content=\"https:\/\/webcr\u00e9astud.fr\/?page_id=2506\" \/>\n<meta property=\"og:site_name\" content=\"WebCr\u00e9aStud\" \/>\n<meta property=\"article:modified_time\" content=\"2024-09-30T08:19:54+00:00\" \/>\n<meta name=\"twitter:card\" content=\"summary_large_image\" \/>\n<meta name=\"twitter:label1\" content=\"Dur\u00e9e de lecture estim\u00e9e\" \/>\n\t<meta name=\"twitter:data1\" content=\"6 minutes\" \/>\n<script type=\"application\/ld+json\" class=\"yoast-schema-graph\">{\"@context\":\"https:\/\/schema.org\",\"@graph\":[{\"@type\":\"WebPage\",\"@id\":\"https:\/\/webcr\u00e9astud.fr\/?page_id=2506\",\"url\":\"https:\/\/webcr\u00e9astud.fr\/?page_id=2506\",\"name\":\"Mentions l\u00e9gales - WebCr\u00e9aStud\",\"isPartOf\":{\"@id\":\"https:\/\/webcr\u00e9astud.fr\/#website\"},\"datePublished\":\"2024-09-12T07:23:52+00:00\",\"dateModified\":\"2024-09-30T08:19:54+00:00\",\"breadcrumb\":{\"@id\":\"https:\/\/webcr\u00e9astud.fr\/?page_id=2506#breadcrumb\"},\"inLanguage\":\"fr-FR\",\"potentialAction\":[{\"@type\":\"ReadAction\",\"target\":[\"https:\/\/webcr\u00e9astud.fr\/?page_id=2506\"]}]},{\"@type\":\"BreadcrumbList\",\"@id\":\"https:\/\/webcr\u00e9astud.fr\/?page_id=2506#breadcrumb\",\"itemListElement\":[{\"@type\":\"ListItem\",\"position\":1,\"name\":\"Accueil\",\"item\":\"https:\/\/webcr\u00e9astud.fr\/\"},{\"@type\":\"ListItem\",\"position\":2,\"name\":\"Mentions l\u00e9gales\"}]},{\"@type\":\"WebSite\",\"@id\":\"https:\/\/webcr\u00e9astud.fr\/#website\",\"url\":\"https:\/\/webcr\u00e9astud.fr\/\",\"name\":\"WebCr\u00e9aStud\",\"description\":\"\",\"publisher\":{\"@id\":\"https:\/\/webcr\u00e9astud.fr\/#organization\"},\"potentialAction\":[{\"@type\":\"SearchAction\",\"target\":{\"@type\":\"EntryPoint\",\"urlTemplate\":\"https:\/\/webcr\u00e9astud.fr\/?s={search_term_string}\"},\"query-input\":{\"@type\":\"PropertyValueSpecification\",\"valueRequired\":true,\"valueName\":\"search_term_string\"}}],\"inLanguage\":\"fr-FR\"},{\"@type\":\"Organization\",\"@id\":\"https:\/\/webcr\u00e9astud.fr\/#organization\",\"name\":\"WebCr\u00e9aStud\",\"url\":\"https:\/\/webcr\u00e9astud.fr\/\",\"logo\":{\"@type\":\"ImageObject\",\"inLanguage\":\"fr-FR\",\"@id\":\"https:\/\/webcr\u00e9astud.fr\/#\/schema\/logo\/image\/\",\"url\":\"https:\/\/webcr\u00e9astud.fr\/wp-content\/uploads\/2025\/04\/cropped-Jambard-Pierre-Ludovic-1257-x-838-px-512-x-512-px-300-x-300-px-6.png\",\"contentUrl\":\"https:\/\/webcr\u00e9astud.fr\/wp-content\/uploads\/2025\/04\/cropped-Jambard-Pierre-Ludovic-1257-x-838-px-512-x-512-px-300-x-300-px-6.png\",\"width\":300,\"height\":85,\"caption\":\"WebCr\u00e9aStud\"},\"image\":{\"@id\":\"https:\/\/webcr\u00e9astud.fr\/#\/schema\/logo\/image\/\"}}]}<\/script>\n<!-- \/ Yoast SEO plugin. -->","yoast_head_json":{"title":"Mentions l\u00e9gales - WebCr\u00e9aStud","robots":{"index":"index","follow":"follow","max-snippet":"max-snippet:-1","max-image-preview":"max-image-preview:large","max-video-preview":"max-video-preview:-1"},"canonical":"https:\/\/webcr\u00e9astud.fr\/?page_id=2506","og_locale":"fr_FR","og_type":"article","og_title":"Mentions l\u00e9gales - WebCr\u00e9aStud","og_description":"Mentions l\u00e9gales D\u00e9finitions Client : Toute personne physique ou morale, capable au sens des articles 1123 et suivants du Code civil, qui visite le site WebCr\u00e9aStud. Prestations et Services : WebCr\u00e9aStud met \u00e0 disposition des Clients les services suivants : cr\u00e9ation de site web, refonte de site web, optimisation SEO. Utilisateur : Internaute se connectant [&hellip;]","og_url":"https:\/\/webcr\u00e9astud.fr\/?page_id=2506","og_site_name":"WebCr\u00e9aStud","article_modified_time":"2024-09-30T08:19:54+00:00","twitter_card":"summary_large_image","twitter_misc":{"Dur\u00e9e de lecture estim\u00e9e":"6 minutes"},"schema":{"@context":"https:\/\/schema.org","@graph":[{"@type":"WebPage","@id":"https:\/\/webcr\u00e9astud.fr\/?page_id=2506","url":"https:\/\/webcr\u00e9astud.fr\/?page_id=2506","name":"Mentions l\u00e9gales - WebCr\u00e9aStud","isPartOf":{"@id":"https:\/\/webcr\u00e9astud.fr\/#website"},"datePublished":"2024-09-12T07:23:52+00:00","dateModified":"2024-09-30T08:19:54+00:00","breadcrumb":{"@id":"https:\/\/webcr\u00e9astud.fr\/?page_id=2506#breadcrumb"},"inLanguage":"fr-FR","potentialAction":[{"@type":"ReadAction","target":["https:\/\/webcr\u00e9astud.fr\/?page_id=2506"]}]},{"@type":"BreadcrumbList","@id":"https:\/\/webcr\u00e9astud.fr\/?page_id=2506#breadcrumb","itemListElement":[{"@type":"ListItem","position":1,"name":"Accueil","item":"https:\/\/webcr\u00e9astud.fr\/"},{"@type":"ListItem","position":2,"name":"Mentions l\u00e9gales"}]},{"@type":"WebSite","@id":"https:\/\/webcr\u00e9astud.fr\/#website","url":"https:\/\/webcr\u00e9astud.fr\/","name":"WebCr\u00e9aStud","description":"","publisher":{"@id":"https:\/\/webcr\u00e9astud.fr\/#organization"},"potentialAction":[{"@type":"SearchAction","target":{"@type":"EntryPoint","urlTemplate":"https:\/\/webcr\u00e9astud.fr\/?s={search_term_string}"},"query-input":{"@type":"PropertyValueSpecification","valueRequired":true,"valueName":"search_term_string"}}],"inLanguage":"fr-FR"},{"@type":"Organization","@id":"https:\/\/webcr\u00e9astud.fr\/#organization","name":"WebCr\u00e9aStud","url":"https:\/\/webcr\u00e9astud.fr\/","logo":{"@type":"ImageObject","inLanguage":"fr-FR","@id":"https:\/\/webcr\u00e9astud.fr\/#\/schema\/logo\/image\/","url":"https:\/\/webcr\u00e9astud.fr\/wp-content\/uploads\/2025\/04\/cropped-Jambard-Pierre-Ludovic-1257-x-838-px-512-x-512-px-300-x-300-px-6.png","contentUrl":"https:\/\/webcr\u00e9astud.fr\/wp-content\/uploads\/2025\/04\/cropped-Jambard-Pierre-Ludovic-1257-x-838-px-512-x-512-px-300-x-300-px-6.png","width":300,"height":85,"caption":"WebCr\u00e9aStud"},"image":{"@id":"https:\/\/webcr\u00e9astud.fr\/#\/schema\/logo\/image\/"}}]}},"_links":{"self":[{"href":"https:\/\/webcr\u00e9astud.fr\/index.php?rest_route=\/wp\/v2\/pages\/2506","targetHints":{"allow":["GET"]}}],"collection":[{"href":"https:\/\/webcr\u00e9astud.fr\/index.php?rest_route=\/wp\/v2\/pages"}],"about":[{"href":"https:\/\/webcr\u00e9astud.fr\/index.php?rest_route=\/wp\/v2\/types\/page"}],"author":[{"embeddable":true,"href":"https:\/\/webcr\u00e9astud.fr\/index.php?rest_route=\/wp\/v2\/users\/1"}],"replies":[{"embeddable":true,"href":"https:\/\/webcr\u00e9astud.fr\/index.php?rest_route=%2Fwp%2Fv2%2Fcomments&post=2506"}],"version-history":[{"count":6,"href":"https:\/\/webcr\u00e9astud.fr\/index.php?rest_route=\/wp\/v2\/pages\/2506\/revisions"}],"predecessor-version":[{"id":2517,"href":"https:\/\/webcr\u00e9astud.fr\/index.php?rest_route=\/wp\/v2\/pages\/2506\/revisions\/2517"}],"wp:attachment":[{"href":"https:\/\/webcr\u00e9astud.fr\/index.php?rest_route=%2Fwp%2Fv2%2Fmedia&parent=2506"}],"curies":[{"name":"wp","href":"https:\/\/api.w.org\/{rel}","templated":true}]}}